{"id":90263,"date":"2024-11-29T16:46:59","date_gmt":"2024-11-29T16:46:59","guid":{"rendered":"https:\/\/adjoe.io\/?page_id=90263"},"modified":"2025-02-28T01:30:50","modified_gmt":"2025-02-28T01:30:50","slug":"impressum","status":"publish","type":"page","link":"https:\/\/adjoe.io\/de\/impressum\/","title":{"rendered":"Impressum"},"content":{"rendered":"\n\n<div class=\"b-teaser  no--image       \">\n\t<div class=\"container\">\n\t\t<div class=\"b-teaser__row\">\n\t\t\t<div class=\"b-teaser__intro\">\n\t\t\t\t\n\t\t\t\t\t\t\t\t\t<h1 class=\"b-teaser__title js-teaser-title\">Impressum<\/h1>\n\n\t\t\t\t\t\t\t\t\t\t\t\t\t<div class=\"b-teaser__content\"><\/div>\n\t\t\t\t\t\t\t\t\n\t\t\t\t\t\t\t<\/div>\n\t\t\t\t\t\t\t\t<\/div>\n\t<\/div>\n<\/div>\n\n\n\n<div class=\"wp-block-columns has-2-columns is-layout-flex wp-container-core-columns-is-layout-9d6595d7 wp-block-columns-is-layout-flex\">\n<div class=\"wp-block-column is-layout-flow wp-block-column-is-layout-flow\">\n<p>Der Anbieter der Webseite unter der URL<a href=\"https:\/\/www.adjoe.io\"> https:\/\/www.adjoe.io<\/a> sowie der Social-Media-Angebote von adjoe auf Facebook, Instagram, LinkedIn, YouTube, TikTok, Stack Overflow, X (ehemals Twitter), Medium und MeetUp ist:<\/p>\n\n\n\n<p>adjoe GmbH<br>An der Alster 42  <br>20099 Hamburg <\/p>\n\n\n\n<p><strong>E-Mail:<\/strong> <\/p>\n\n\n\n<p>contact@adjoe.io<\/p>\n\n\n\n<p><strong><strong>Vertretungsberechtigte Gesch\u00e4ftsf\u00fchrer:<\/strong><\/strong><\/p>\n\n\n\n<p>Jonas Thiemann, Carlo Szelinsky<\/p>\n\n\n\n<p><strong><strong>Handelsregistergericht<\/strong><\/strong>:<\/p>\n\n\n\n<p>Amtsgericht Hamburg<\/p>\n\n\n\n<h4 class=\"wp-block-heading\"><strong><strong><strong>Handelsregisternummer<\/strong><\/strong><\/strong>:<\/h4>\n\n\n\n<p>HRB 150840<\/p>\n\n\n\n<h4 class=\"wp-block-heading\"><strong><strong><strong>Umsatzsteuer-Identifikationsnummer<\/strong>:<\/strong><\/strong><\/h4>\n\n\n\n<p> DE 317 044 355 <\/p>\n\n\n\n<p><strong><strong>Verantwortlich f\u00fcr journalistisch-redaktionelle Inhalte gem\u00e4\u00df \u00a7 18 Abs. 2 Medienstaatsvertrag (MStV):<\/strong><\/strong><\/p>\n\n\n\n<p>Jonas Thiemann (Address as above)<\/p>\n\n\n\n<h4 class=\"wp-block-heading\"><strong><strong>Datenschutzbeauftragter<\/strong><\/strong>:<\/h4>\n\n\n\n<p>Herr Rechtsanwalt Stephan Kr\u00e4mer, LL.M.<br>KINAST Rechtsanwaltsgesellschaft mbH<br>Nordstra\u00dfe 17a<br>50733 K\u00f6ln<br>Deutschland<br><strong><a href=\"http:\/\/www.kinast.eu\/\" target=\"_blank\" rel=\"noreferrer noopener\">www.kinast.eu<\/a><\/strong><\/p>\n\n\n\n<p><\/p>\n<\/div>\n\n\n\n<div class=\"wp-block-column is-layout-flow wp-block-column-is-layout-flow\">\n<h2 class=\"wp-block-heading\"><strong>Haftungsausschluss<\/strong><\/h2>\n\n\n\n<p>Als Dienstanbieter sind wir gem\u00e4\u00df \u00a7 7 Abs.1 TMG f\u00fcr eigene Inhalte auf diesen Seiten nach den allgemeinen Gesetzen verantwortlich. Nach \u00a7\u00a7 8 bis 10 TMG sind wir als Diensteanbieter jedoch nicht verpflichtet, \u00fcbermittelte oder gespeicherte fremde Informationen zu \u00fcberwachen oder nach Umst\u00e4nden zu forschen, die auf eine rechtswidrige T\u00e4tigkeit hinweisen.<\/p>\n\n\n\n<p>Verpflichtungen zur Entfernung oder Sperrung der Nutzung von Informationen nach den allgemeinen Gesetzen bleiben hiervon unber\u00fchrt. Eine diesbez\u00fcgliche Haftung ist jedoch erst ab dem Zeitpunkt der Kenntnis einer konkreten Rechtsverletzung m\u00f6glich. Bei Bekanntwerden von entsprechenden Rechtsverletzungen werden wir diese Inhalte umgehend entfernen.<\/p>\n\n\n\n<p><\/p>\n\n\n\n<p><\/p>\n\n\n\n<p><\/p>\n\n\n\n<h2 class=\"wp-block-heading\"><strong>Haftung f\u00fcr Links<\/strong><\/h2>\n\n\n\n<p>Unser Angebot enth\u00e4lt Links zu externen Webseiten Dritter, auf deren Inhalte wir keinen Einfluss haben. Deshalb k\u00f6nnen wir f\u00fcr diese fremden Inhalte auch keine Gew\u00e4hr \u00fcbernehmen. F\u00fcr die Inhalte der verlinkten Seiten ist stets der jeweilige Anbieter oder Betreiber der Seiten verantwortlich. Die verlinkten Seiten wurden zum Zeitpunkt der Verlinkung auf m\u00f6gliche Rechtsverst\u00f6\u00dfe \u00fcberpr\u00fcft. Rechtswidrige Inhalte waren zum Zeitpunkt der Verlinkung nicht erkennbar.<\/p>\n\n\n\n<p>Eine permanente inhaltliche Kontrolle der verlinkten Seiten ist jedoch ohne konkrete Anhaltspunkte einer Rechtsverletzung nicht zumutbar. Bei Bekanntwerden von Rechtsverletzungen werden wir derartige Links umgehend entfernen.<\/p>\n<\/div>\n<\/div>\n","protected":false},"excerpt":{"rendered":"<p>Der Anbieter der Webseite unter der URL https:\/\/www.adjoe.io sowie der Social-Media-Angebote von adjoe auf Facebook, Instagram, LinkedIn, YouTube, TikTok, Stack Overflow, X (ehemals Twitter), Medium und MeetUp ist: adjoe GmbHAn der Alster 42 20099 Hamburg E-Mail: contact@adjoe.io Vertretungsberechtigte Gesch\u00e4ftsf\u00fchrer: Jonas Thiemann, Carlo Szelinsky Handelsregistergericht: Amtsgericht Hamburg Handelsregisternummer: HRB 150840 Umsatzsteuer-Identifikationsnummer: DE 317 044 355 Verantwortlich [&hellip;]<\/p>\n","protected":false},"author":1,"featured_media":0,"parent":0,"menu_order":0,"comment_status":"closed","ping_status":"closed","template":"page-static.php","meta":{"footnotes":""},"class_list":["post-90263","page","type-page","status-publish","hentry"],"acf":[],"yoast_head":"<!-- This site is optimized with the Yoast SEO plugin v27.1.1 - https:\/\/yoast.com\/product\/yoast-seo-wordpress\/ -->\n<title>Impressum - adjoe<\/title>\n<meta name=\"description\" content=\"Besuchen Sie unsere Impressum-Seite f\u00fcr Informationen \u00fcber adjoe. Erfahren Sie mehr \u00fcber unseren Standort, unsere Vertreter und unseren Datenschutzbeauftragten\" \/>\n<meta name=\"robots\" content=\"index, follow, max-snippet:-1, max-image-preview:large, max-video-preview:-1\" \/>\n<link rel=\"canonical\" href=\"https:\/\/adjoe.io\/de\/impressum\/\" \/>\n<meta property=\"og:locale\" content=\"de_DE\" \/>\n<meta property=\"og:type\" content=\"article\" \/>\n<meta property=\"og:title\" content=\"Impressum - adjoe\" \/>\n<meta property=\"og:description\" content=\"Besuchen Sie unsere Impressum-Seite f\u00fcr Informationen \u00fcber adjoe. Erfahren Sie mehr \u00fcber unseren Standort, unsere Vertreter und unseren Datenschutzbeauftragten\" \/>\n<meta property=\"og:url\" content=\"\/\" \/>\n<meta property=\"og:site_name\" content=\"adjoe\" \/>\n<meta property=\"article:modified_time\" content=\"2025-02-28T01:30:50+00:00\" \/>\n<meta name=\"twitter:card\" content=\"summary_large_image\" \/>\n<meta name=\"twitter:label1\" content=\"Est. reading time\" \/>\n\t<meta name=\"twitter:data1\" content=\"2 Minuten\" \/>\n<script type=\"application\/ld+json\" class=\"yoast-schema-graph\">{\n\t    \"@context\": \"https:\/\/schema.org\",\n\t    \"@graph\": [\n\t        {\n\t            \"@type\": \"WebPage\",\n\t            \"@id\": \"https:\/\/adjoe.io\/de\/impressum\/\",\n\t            \"url\": \"https:\/\/adjoe.io\/de\/impressum\/\",\n\t            \"name\": \"Impressum - adjoe\",\n\t            \"isPartOf\": {\n\t                \"@id\": \"https:\/\/adjoe.io\/de\/#website\"\n\t            },\n\t            \"datePublished\": \"2024-11-29T16:46:59+00:00\",\n\t            \"dateModified\": \"2025-02-28T01:30:50+00:00\",\n\t            \"description\": \"Besuchen Sie unsere Impressum-Seite f\u00fcr Informationen \u00fcber adjoe. Erfahren Sie mehr \u00fcber unseren Standort, unsere Vertreter und unseren Datenschutzbeauftragten\",\n\t            \"breadcrumb\": {\n\t                \"@id\": \"https:\/\/adjoe.io\/de\/impressum\/#breadcrumb\"\n\t            },\n\t            \"inLanguage\": \"de-DE\",\n\t            \"potentialAction\": [\n\t                {\n\t                    \"@type\": \"ReadAction\",\n\t                    \"target\": [\n\t                        \"https:\/\/adjoe.io\/de\/impressum\/\"\n\t                    ]\n\t                }\n\t            ]\n\t        },\n\t        {\n\t            \"@type\": \"BreadcrumbList\",\n\t            \"@id\": \"https:\/\/adjoe.io\/de\/impressum\/#breadcrumb\",\n\t            \"itemListElement\": [\n\t                {\n\t                    \"@type\": \"ListItem\",\n\t                    \"position\": 1,\n\t                    \"name\": \"Home\",\n\t                    \"item\": \"https:\/\/adjoe.io\/de\/\"\n\t                },\n\t                {\n\t                    \"@type\": \"ListItem\",\n\t                    \"position\": 2,\n\t                    \"name\": \"Impressum\"\n\t                }\n\t            ]\n\t        },\n\t        {\n\t            \"@type\": \"WebSite\",\n\t            \"@id\": \"https:\/\/adjoe.io\/de\/#website\",\n\t            \"url\": \"https:\/\/adjoe.io\/de\/\",\n\t            \"name\": \"adjoe\",\n\t            \"description\": \"Advertising Technologies to Outperform\",\n\t            \"publisher\": {\n\t                \"@id\": \"https:\/\/adjoe.io\/de\/#organization\"\n\t            },\n\t            \"potentialAction\": [\n\t                {\n\t                    \"@type\": \"SearchAction\",\n\t                    \"target\": {\n\t                        \"@type\": \"EntryPoint\",\n\t                        \"urlTemplate\": \"https:\/\/adjoe.io\/de\/?s={search_term_string}\"\n\t                    },\n\t                    \"query-input\": {\n\t                        \"@type\": \"PropertyValueSpecification\",\n\t                        \"valueRequired\": true,\n\t                        \"valueName\": \"search_term_string\"\n\t                    }\n\t                }\n\t            ],\n\t            \"inLanguage\": \"de-DE\"\n\t        },\n\t        {\n\t            \"@type\": \"Organization\",\n\t            \"@id\": \"https:\/\/adjoe.io\/de\/#organization\",\n\t            \"name\": \"adjoe\",\n\t            \"url\": \"https:\/\/adjoe.io\/de\/\",\n\t            \"logo\": {\n\t                \"@type\": \"ImageObject\",\n\t                \"inLanguage\": \"de-DE\",\n\t                \"@id\": \"https:\/\/adjoe.io\/de\/#\/schema\/logo\/image\/\",\n\t                \"url\": \"https:\/\/adjoe.io\/app\/uploads\/2021\/10\/adjoe-logo-RGB-01-4.png\",\n\t                \"contentUrl\": \"https:\/\/adjoe.io\/app\/uploads\/2021\/10\/adjoe-logo-RGB-01-4.png\",\n\t                \"width\": 1184,\n\t                \"height\": 325,\n\t                \"caption\": \"adjoe\"\n\t            },\n\t            \"image\": {\n\t                \"@id\": \"https:\/\/adjoe.io\/de\/#\/schema\/logo\/image\/\"\n\t            }\n\t        }\n\t    ]\n\t}<\/script>\n<!-- \/ Yoast SEO plugin. -->","yoast_head_json":{"title":"Impressum - adjoe","description":"Besuchen Sie unsere Impressum-Seite f\u00fcr Informationen \u00fcber adjoe. Erfahren Sie mehr \u00fcber unseren Standort, unsere Vertreter und unseren Datenschutzbeauftragten","robots":{"index":"index","follow":"follow","max-snippet":"max-snippet:-1","max-image-preview":"max-image-preview:large","max-video-preview":"max-video-preview:-1"},"canonical":"https:\/\/adjoe.io\/de\/impressum\/","og_locale":"de_DE","og_type":"article","og_title":"Impressum - adjoe","og_description":"Besuchen Sie unsere Impressum-Seite f\u00fcr Informationen \u00fcber adjoe. Erfahren Sie mehr \u00fcber unseren Standort, unsere Vertreter und unseren Datenschutzbeauftragten","og_url":"\/","og_site_name":"adjoe","article_modified_time":"2025-02-28T01:30:50+00:00","twitter_card":"summary_large_image","twitter_misc":{"Est. reading time":"2 Minuten"},"schema":{"@context":"https:\/\/schema.org","@graph":[{"@type":"WebPage","@id":"https:\/\/adjoe.io\/de\/impressum\/","url":"https:\/\/adjoe.io\/de\/impressum\/","name":"Impressum - adjoe","isPartOf":{"@id":"https:\/\/adjoe.io\/de\/#website"},"datePublished":"2024-11-29T16:46:59+00:00","dateModified":"2025-02-28T01:30:50+00:00","description":"Besuchen Sie unsere Impressum-Seite f\u00fcr Informationen \u00fcber adjoe. Erfahren Sie mehr \u00fcber unseren Standort, unsere Vertreter und unseren Datenschutzbeauftragten","breadcrumb":{"@id":"https:\/\/adjoe.io\/de\/impressum\/#breadcrumb"},"inLanguage":"de-DE","potentialAction":[{"@type":"ReadAction","target":["https:\/\/adjoe.io\/de\/impressum\/"]}]},{"@type":"BreadcrumbList","@id":"https:\/\/adjoe.io\/de\/impressum\/#breadcrumb","itemListElement":[{"@type":"ListItem","position":1,"name":"Home","item":"https:\/\/adjoe.io\/de\/"},{"@type":"ListItem","position":2,"name":"Impressum"}]},{"@type":"WebSite","@id":"https:\/\/adjoe.io\/de\/#website","url":"https:\/\/adjoe.io\/de\/","name":"adjoe","description":"Advertising Technologies to Outperform","publisher":{"@id":"https:\/\/adjoe.io\/de\/#organization"},"potentialAction":[{"@type":"SearchAction","target":{"@type":"EntryPoint","urlTemplate":"https:\/\/adjoe.io\/de\/?s={search_term_string}"},"query-input":{"@type":"PropertyValueSpecification","valueRequired":true,"valueName":"search_term_string"}}],"inLanguage":"de-DE"},{"@type":"Organization","@id":"https:\/\/adjoe.io\/de\/#organization","name":"adjoe","url":"https:\/\/adjoe.io\/de\/","logo":{"@type":"ImageObject","inLanguage":"de-DE","@id":"https:\/\/adjoe.io\/de\/#\/schema\/logo\/image\/","url":"https:\/\/adjoe.io\/app\/uploads\/2021\/10\/adjoe-logo-RGB-01-4.png","contentUrl":"https:\/\/adjoe.io\/app\/uploads\/2021\/10\/adjoe-logo-RGB-01-4.png","width":1184,"height":325,"caption":"adjoe"},"image":{"@id":"https:\/\/adjoe.io\/de\/#\/schema\/logo\/image\/"}}]}},"_links":{"self":[{"href":"https:\/\/adjoe.io\/de\/wp-json\/wp\/v2\/pages\/90263","targetHints":{"allow":["GET"]}}],"collection":[{"href":"https:\/\/adjoe.io\/de\/wp-json\/wp\/v2\/pages"}],"about":[{"href":"https:\/\/adjoe.io\/de\/wp-json\/wp\/v2\/types\/page"}],"author":[{"embeddable":true,"href":"https:\/\/adjoe.io\/de\/wp-json\/wp\/v2\/users\/1"}],"replies":[{"embeddable":true,"href":"https:\/\/adjoe.io\/de\/wp-json\/wp\/v2\/comments?post=90263"}],"version-history":[{"count":0,"href":"https:\/\/adjoe.io\/de\/wp-json\/wp\/v2\/pages\/90263\/revisions"}],"wp:attachment":[{"href":"https:\/\/adjoe.io\/de\/wp-json\/wp\/v2\/media?parent=90263"}],"curies":[{"name":"wp","href":"https:\/\/api.w.org\/{rel}","templated":true}]}}